{"id":505,"date":"2026-02-23T13:18:48","date_gmt":"2026-02-23T12:18:48","guid":{"rendered":"http:\/\/cipcic-bragadin.com\/?page_id=505"},"modified":"2026-03-18T13:07:00","modified_gmt":"2026-03-18T12:07:00","slug":"cipcic-bragadin-mesic-associates-leading-lawyers-croatia","status":"publish","type":"page","link":"https:\/\/www.cipcic-bragadin.com\/en\/","title":{"rendered":"\u010cip\u010di\u0107-Bragadin Mesi\u0107 &#038; Associates. Precision. Value. Results."},"content":{"rendered":"<p>\t<div class=\"vc_row wpb_row vc_row-fluid\"  >\n\t<div class=\"vc_col-sm-12 wpb_column vc_column_container \">\n\t\t<div class=\"wpb_wrapper\">\n\t\t\t\t<div class=\"vc_separator wpb_content_element vc_separator_align_center vc_sep_width_100 vc_sep_pos_align_center vc_sep_color_grey\">\n\t\t<span class=\"vc_sep_holder vc_sep_holder_l\"><span class=\"vc_sep_line\"><\/span><\/span>\n\t\t<h4>RECENT NEWS &amp; DEVELOPMENT<\/h4>\t\t<span class=\"vc_sep_holder vc_sep_holder_r\"><span class=\"vc_sep_line\"><\/span><\/span>\n\t<\/div>\n\n\n\t<div class=\"wpb_text_column wpb_content_element \">\n\t\t<div class=\"wpb_wrapper\">\n\t\t\t<p>NEW CREDIT INSTITUTION ACT<\/p>\n<p style=\"text-align: justify;\">New Credit Institution Act has been enacted and entered into force, transposing Capital Requirements Directive VI (CRD6) into Croatian law.<br \/>\nTransposition includes, the most interesting part, its Article 21c.<br \/>\nArticle 21c of the CRD6 restricts non-EU (third-country) banks from providing cross-border banking services, such as lending or taking deposits, into the EU without establishing a local branch.<br \/>\nThird country banks can still rely on reverse solicitation as one of the exceptions available. There are no grandfathering provisions.<\/p>\n<p style=\"text-align: justify;\">Contact us for more information.<\/p>\n\n\t\t<\/div> \n\t<\/div> \n\t\t<\/div> \n\t<\/div> \n<\/div>\t<div class=\"vc_row wpb_row vc_row-fluid\"  >\n\t<div class=\"vc_col-sm-6 wpb_column vc_column_container \">\n\t\t<div class=\"wpb_wrapper\">\n\t\t\t\t<div class=\"vc_separator wpb_content_element vc_separator_align_center vc_sep_width_100 vc_sep_pos_align_center vc_sep_color_grey\">\n\t\t<span class=\"vc_sep_holder vc_sep_holder_l\"><span class=\"vc_sep_line\"><\/span><\/span>\n\t\t<h4>IMPORTANT NOTICE<\/h4>\t\t<span class=\"vc_sep_holder vc_sep_holder_r\"><span class=\"vc_sep_line\"><\/span><\/span>\n\t<\/div>\n\n\n\t<div class=\"wpb_text_column wpb_content_element \">\n\t\t<div class=\"wpb_wrapper\">\n\t\t\t<p><strong>SUSPECTED PHISHING ATTACK ALERT<\/strong><\/p>\n<p>We&#8217;ve been informed that someone is sending e-mails misrepresenting that the e- mail is sent on behalf of our company.\u00a0 It\u2019s a suspected phishing attack and <strong>DO NOT<\/strong> open any attachments or click on any link or call any number mentioned therein. Those e-mails did not originate from our company; links, e-mails and phone numbers mentioned therein are in no way connected to our company ad we have notified the police about this suspected scam.<\/p>\n<p>We apologize for any inconvenience.<\/p>\n\n\t\t<\/div> \n\t<\/div> \n\t\t<\/div> \n\t<\/div> \n\n\t<div class=\"vc_col-sm-6 wpb_column vc_column_container \">\n\t\t<div class=\"wpb_wrapper\">\n\t\t\t\t<div class=\"vc_separator wpb_content_element vc_separator_align_center vc_sep_width_100 vc_sep_pos_align_center vc_sep_color_grey\">\n\t\t<span class=\"vc_sep_holder vc_sep_holder_l\"><span class=\"vc_sep_line\"><\/span><\/span>\n\t\t<h4>FISHING E-MAIL CONTENT<\/h4>\t\t<span class=\"vc_sep_holder vc_sep_holder_r\"><span class=\"vc_sep_line\"><\/span><\/span>\n\t<\/div>\n\n\n\t<div class=\"wpb_text_column wpb_content_element \">\n\t\t<div class=\"wpb_wrapper\">\n\t\t\t<p>The e-mail in question has the following content:<\/p>\n<p style=\"text-align: justify;\">\u201eObavijest o kr\u0161enju autorskih prava:\u00a0 Po\u0161tovani\u00a0\u00a0 xxx , Mi, Law Firm \u010cip\u010di\u0107-Bragadin Mesi\u0107 &amp; Associates, koji zastupamo HRT (Hrvatska Radiotelevizija &#8211; Croatian Radio Television), \u017eelimo skrenuti va\u0161u pa\u017enju na sljede\u0107i problem. Utvr\u0111eno je da je na Facebook stranici koju upravljate ili kontrolirate objavljen sadr\u017eaj koji kr\u0161i autorska prava HRT (Hrvatska Radiotelevizija &#8211; Croatian Radio Television) bez dopu\u0161tenja. Ovo pismo predstavlja slu\u017ebenu obavijest o kr\u0161enju autorskih prava i zahtijeva trenuta\u010dno prestanak takvih radnji.\u00a0 Detalji kr\u0161enja su sljede\u0107i- Informacije o Facebook stranici&#8230; &#8220;<\/p>\n\n\t\t<\/div> \n\t<\/div> \n\t\t<\/div> \n\t<\/div> \n<\/div><\/p>","protected":false},"excerpt":{"rendered":"RECENT NEWS &amp; DEVELOPMENT NEW CREDIT INSTITUTION ACT New Credit Institution Act has been enacted and entered into force, transposing Capital Requirements Directive VI (CRD6) into Croatian law. Transposition includes, the most interesting part, its Article 21c. Article 21c of the CRD6 restricts non-EU (third-country) banks from providing cross-border banking services, such as lending or [...]<a href=\"https:\/\/www.cipcic-bragadin.com\/en\/\" class=\"df-link-excerpt\">Continue reading<\/a>","protected":false},"author":2,"featured_media":0,"parent":0,"menu_order":1,"comment_status":"closed","ping_status":"closed","template":"","meta":{"footnotes":""},"_links":{"self":[{"href":"https:\/\/www.cipcic-bragadin.com\/en\/wp-json\/wp\/v2\/pages\/505"}],"collection":[{"href":"https:\/\/www.cipcic-bragadin.com\/en\/wp-json\/wp\/v2\/pages"}],"about":[{"href":"https:\/\/www.cipcic-bragadin.com\/en\/wp-json\/wp\/v2\/types\/page"}],"author":[{"embeddable":true,"href":"https:\/\/www.cipcic-bragadin.com\/en\/wp-json\/wp\/v2\/users\/2"}],"replies":[{"embeddable":true,"href":"https:\/\/www.cipcic-bragadin.com\/en\/wp-json\/wp\/v2\/comments?post=505"}],"version-history":[{"count":113,"href":"https:\/\/www.cipcic-bragadin.com\/en\/wp-json\/wp\/v2\/pages\/505\/revisions"}],"predecessor-version":[{"id":2055,"href":"https:\/\/www.cipcic-bragadin.com\/en\/wp-json\/wp\/v2\/pages\/505\/revisions\/2055"}],"wp:attachment":[{"href":"https:\/\/www.cipcic-bragadin.com\/en\/wp-json\/wp\/v2\/media?parent=505"}],"curies":[{"name":"wp","href":"https:\/\/api.w.org\/{rel}","templated":true}]}}