{"id":381,"date":"2015-11-27T22:18:59","date_gmt":"2015-11-27T21:18:59","guid":{"rendered":"http:\/\/cipcic-bragadin.com\/?page_id=381"},"modified":"2024-12-27T10:06:56","modified_gmt":"2024-12-27T09:06:56","slug":"contact-kontakt","status":"publish","type":"page","link":"https:\/\/www.cipcic-bragadin.com\/en\/contact-kontakt\/","title":{"rendered":"Contact"},"content":{"rendered":"<p>\t<div class=\"vc_row wpb_row vc_row-fluid\"  >\n\t<div class=\"vc_col-sm-6 wpb_column vc_column_container \">\n\t\t<div class=\"wpb_wrapper\">\n\t\t\t<div class=\"vc_message_box vc_message_box-standard vc_message_box-rounded vc_color-chino\">\n\t<div class=\"vc_message_box-icon\"><i class=\"fa fa-info-circle\"><\/i>\n\t<\/div><p>Contact details:<br \/>\n\u010cip\u010di\u0107-Bragadin Mesi\u0107 and Associates Ltd.<br \/>\nHeinzelova 21, 10000 Zagreb, Croatia<br \/>\nT +385 1 2430 146<\/p>\n<p>Business inquiries: bd(at)cipcic-bragadin.com<br \/>\nGeneral inquiries: \u00a0info(at)cipcic-bragadin.com<br \/>\nMedia inquiries: media(at)cipcic-bragadin.com<br \/>\nCareers: hr(at)cipcic-bragadin.com<\/p>\n<\/div>\n\t\t<\/div> \n\t<\/div> \n<\/div><\/p>","protected":false},"excerpt":{"rendered":"Contact details: \u010cip\u010di\u0107-Bragadin Mesi\u0107 and Associates Ltd. Heinzelova 21, 10000 Zagreb, Croatia T +385 1 2430 146 Business inquiries: bd(at)cipcic-bragadin.com General inquiries: \u00a0info(at)cipcic-bragadin.com Media inquiries: media(at)cipcic-bragadin.com Careers: hr(at)cipcic-bragadin.com","protected":false},"author":2,"featured_media":0,"parent":0,"menu_order":0,"comment_status":"closed","ping_status":"closed","template":"","meta":{"footnotes":""},"_links":{"self":[{"href":"https:\/\/www.cipcic-bragadin.com\/en\/wp-json\/wp\/v2\/pages\/381"}],"collection":[{"href":"https:\/\/www.cipcic-bragadin.com\/en\/wp-json\/wp\/v2\/pages"}],"about":[{"href":"https:\/\/www.cipcic-bragadin.com\/en\/wp-json\/wp\/v2\/types\/page"}],"author":[{"embeddable":true,"href":"https:\/\/www.cipcic-bragadin.com\/en\/wp-json\/wp\/v2\/users\/2"}],"replies":[{"embeddable":true,"href":"https:\/\/www.cipcic-bragadin.com\/en\/wp-json\/wp\/v2\/comments?post=381"}],"version-history":[{"count":25,"href":"https:\/\/www.cipcic-bragadin.com\/en\/wp-json\/wp\/v2\/pages\/381\/revisions"}],"predecessor-version":[{"id":1859,"href":"https:\/\/www.cipcic-bragadin.com\/en\/wp-json\/wp\/v2\/pages\/381\/revisions\/1859"}],"wp:attachment":[{"href":"https:\/\/www.cipcic-bragadin.com\/en\/wp-json\/wp\/v2\/media?parent=381"}],"curies":[{"name":"wp","href":"https:\/\/api.w.org\/{rel}","templated":true}]}}