{"id":214,"date":"2015-11-18T14:09:04","date_gmt":"2015-11-18T13:09:04","guid":{"rendered":"http:\/\/cipcic-bragadin.com\/?page_id=214"},"modified":"2026-03-18T13:09:45","modified_gmt":"2026-03-18T12:09:45","slug":"about-us-o-nama","status":"publish","type":"page","link":"https:\/\/www.cipcic-bragadin.com\/en\/about-us-o-nama\/","title":{"rendered":"About us"},"content":{"rendered":"<p>\t<div class=\"vc_row wpb_row vc_row-fluid\"  >\n\t<div class=\"vc_col-sm-12 wpb_column vc_column_container \">\n\t\t<div class=\"wpb_wrapper\">\n\t\t\t\n\t<div class=\"wpb_single_image wpb_content_element vc_align_left\">\n\t\t<div class=\"wpb_wrapper\">\n\t\t\t\n\t\t\t<div class=\"vc_single_image-wrapper   vc_box_border_grey\"><img loading=\"lazy\" decoding=\"async\" width=\"1200\" height=\"420\" src=\"https:\/\/www.cipcic-bragadin.com\/wp-content\/uploads\/2016\/03\/1200x425026.jpg\" class=\"vc_single_image-img attachment-full\" alt=\"\" srcset=\"https:\/\/www.cipcic-bragadin.com\/wp-content\/uploads\/2016\/03\/1200x425026.jpg 1200w, https:\/\/www.cipcic-bragadin.com\/wp-content\/uploads\/2016\/03\/1200x425026-300x105.jpg 300w, https:\/\/www.cipcic-bragadin.com\/wp-content\/uploads\/2016\/03\/1200x425026-768x269.jpg 768w, https:\/\/www.cipcic-bragadin.com\/wp-content\/uploads\/2016\/03\/1200x425026-1024x358.jpg 1024w, https:\/\/www.cipcic-bragadin.com\/wp-content\/uploads\/2016\/03\/1200x425026-1170x410.jpg 1170w, https:\/\/www.cipcic-bragadin.com\/wp-content\/uploads\/2016\/03\/1200x425026-570x200.jpg 570w\" sizes=\"(max-width: 1200px) 100vw, 1200px\" \/><\/div>\n\t\t<\/div> \n\t<\/div> \t<div class=\"vc_separator wpb_content_element vc_separator_align_center vc_sep_width_100 vc_sep_pos_align_center vc_sep_color_grey\">\n\t\t<span class=\"vc_sep_holder vc_sep_holder_l\"><span class=\"vc_sep_line\"><\/span><\/span>\n\t\t<h4>WHERE PRECISION CREATES VALUE <\/h4>\t\t<span class=\"vc_sep_holder vc_sep_holder_r\"><span class=\"vc_sep_line\"><\/span><\/span>\n\t<\/div>\n\n\n\t\t<\/div> \n\t<\/div> \n<\/div>\t<div class=\"vc_row wpb_row vc_row-fluid\"  >\n\t<div class=\"vc_col-sm-9 wpb_column vc_column_container \">\n\t\t<div class=\"wpb_wrapper\">\n\t\t\t<div class=\"vc_custom_heading\" ><h2 style=\"text-align: left;font-family:Dosis;font-weight:400;font-style:normal\" >International knowledge and experience. That's we are known for and that's what we are about... since 1928.<\/h2><\/div>\n\t<div class=\"wpb_text_column wpb_content_element \">\n\t\t<div class=\"wpb_wrapper\">\n\t\t\t<p style=\"line-height: 18pt; text-align: justify;\">We are one of the leading law firms in Croatia serving companies, public entities and private clients.<\/p>\n<p style=\"line-height: 18pt; text-align: justify;\">With roots dating from 1928. after years of professional development and growth the flavour at \u010cip\u010di\u0107-Bragadin Mesi\u0107 and Associates today is definitely international. Around 85% of our major clients are international enterprises doing businesses in Croatia.<\/p>\n<p style=\"line-height: 18pt; text-align: justify;\">We work closely with the leading international law firms and consultants so we&#8217;re able to manage complex, cross-border projects and transactions seamlessly and successfully. That puts us in a unique situation where we can help our clients not just in various legally related issues but also in almost any business related issue.<\/p>\n<p style=\"line-height: 18pt; text-align: justify;\">We like to learn about our clients&#8217; businesses so we can apply all of our skills and provide the best possible comprehensive advice. That&#8217;s why we are aiming to be organised around key sectors. Today, we have experience in a broad range of sectors which makes us uniquely positioned to understand the whole scope of clients&#8217; businesses, not just their legal needs. We care about our clients and want them to be successful.<\/p>\n<p style=\"text-align: justify;\">We\u00a0 enjoy doing what we do and try to do it in the best possible manner. We observe the highest personal, ethical and professional standards in everything we do and operate with integrity at all times. We recognize that the reputation of our firm is vital to our success and try to do whatever is necessary to preserve it and grow it for the long term.<\/p>\n\n\t\t<\/div> \n\t<\/div> \n\t\t<\/div> \n\t<\/div> \n\n\t<div class=\"vc_col-sm-3 wpb_column vc_column_container \">\n\t\t<div class=\"wpb_wrapper\">\n\t\t\t\n\t<div class=\"wpb_text_column wpb_content_element \">\n\t\t<div class=\"wpb_wrapper\">\n\t\t\t<p><a href=\"https:\/\/www.cipcic-bragadin.com\/wp-content\/uploads\/2015\/11\/NO6_4933.jpg\"><img loading=\"lazy\" decoding=\"async\" class=\"alignnone size-full wp-image-1637\" src=\"https:\/\/www.cipcic-bragadin.com\/wp-content\/uploads\/2015\/11\/NO6_4933.jpg\" alt=\"\" width=\"6000\" height=\"4000\" srcset=\"https:\/\/www.cipcic-bragadin.com\/wp-content\/uploads\/2015\/11\/NO6_4933.jpg 6000w, https:\/\/www.cipcic-bragadin.com\/wp-content\/uploads\/2015\/11\/NO6_4933-300x200.jpg 300w, https:\/\/www.cipcic-bragadin.com\/wp-content\/uploads\/2015\/11\/NO6_4933-1024x683.jpg 1024w, https:\/\/www.cipcic-bragadin.com\/wp-content\/uploads\/2015\/11\/NO6_4933-970x647.jpg 970w, https:\/\/www.cipcic-bragadin.com\/wp-content\/uploads\/2015\/11\/NO6_4933-473x315.jpg 473w\" sizes=\"(max-width: 6000px) 100vw, 6000px\" \/><\/a>Silvije \u010cip\u010di\u0107-Bragadin<br \/>\nDirector<\/p>\n\n\t\t<\/div> \n\t<\/div> \n\t\t<\/div> \n\t<\/div> \n<\/div><\/p>","protected":false},"excerpt":{"rendered":"WHERE PRECISION CREATES VALUE International knowledge and experience. That's we are known for and that's what we are about... since 1928. We are one of the leading law firms in Croatia serving companies, public entities and private clients. With roots dating from 1928. after years of professional development and growth the flavour at \u010cip\u010di\u0107-Bragadin Mesi\u0107 [...]<a href=\"https:\/\/www.cipcic-bragadin.com\/en\/about-us-o-nama\/\" class=\"df-link-excerpt\">Continue reading<\/a>","protected":false},"author":2,"featured_media":819,"parent":0,"menu_order":0,"comment_status":"closed","ping_status":"closed","template":"","meta":{"footnotes":""},"_links":{"self":[{"href":"https:\/\/www.cipcic-bragadin.com\/en\/wp-json\/wp\/v2\/pages\/214"}],"collection":[{"href":"https:\/\/www.cipcic-bragadin.com\/en\/wp-json\/wp\/v2\/pages"}],"about":[{"href":"https:\/\/www.cipcic-bragadin.com\/en\/wp-json\/wp\/v2\/types\/page"}],"author":[{"embeddable":true,"href":"https:\/\/www.cipcic-bragadin.com\/en\/wp-json\/wp\/v2\/users\/2"}],"replies":[{"embeddable":true,"href":"https:\/\/www.cipcic-bragadin.com\/en\/wp-json\/wp\/v2\/comments?post=214"}],"version-history":[{"count":46,"href":"https:\/\/www.cipcic-bragadin.com\/en\/wp-json\/wp\/v2\/pages\/214\/revisions"}],"predecessor-version":[{"id":2056,"href":"https:\/\/www.cipcic-bragadin.com\/en\/wp-json\/wp\/v2\/pages\/214\/revisions\/2056"}],"wp:featuredmedia":[{"embeddable":true,"href":"https:\/\/www.cipcic-bragadin.com\/en\/wp-json\/wp\/v2\/media\/819"}],"wp:attachment":[{"href":"https:\/\/www.cipcic-bragadin.com\/en\/wp-json\/wp\/v2\/media?parent=214"}],"curies":[{"name":"wp","href":"https:\/\/api.w.org\/{rel}","templated":true}]}}